{"id":14825,"date":"2024-05-07T10:22:04","date_gmt":"2024-05-07T08:22:04","guid":{"rendered":"https:\/\/chateaudethesee.com\/en\/?page_id=14825"},"modified":"2025-03-27T15:17:53","modified_gmt":"2025-03-27T14:17:53","slug":"our-gites","status":"publish","type":"page","link":"https:\/\/chateaudethesee.com\/en\/our-gites\/","title":{"rendered":"Our Gites"},"content":{"rendered":"\t\t<div data-elementor-type=\"wp-page\" data-elementor-id=\"14825\" class=\"elementor elementor-14825\" data-elementor-post-type=\"page\">\n\t\t\t\t\t\t<section class=\"elementor-section elementor-top-section elementor-element elementor-element-b02a680 elementor-section-height-min-height elementor-section-full_width hero elementor-section-height-default elementor-section-items-middle\" data-id=\"b02a680\" data-element_type=\"section\" data-e-type=\"section\" data-settings=\"{&quot;background_background&quot;:&quot;classic&quot;}\">\n\t\t\t\t\t\t\t<div class=\"elementor-background-overlay\"><\/div>\n\t\t\t\t\t\t\t<div class=\"elementor-container elementor-column-gap-default\">\n\t\t\t\t\t<div class=\"elementor-column elementor-col-100 elementor-top-column elementor-element elementor-element-be70bf2 animated-slow elementor-invisible\" data-id=\"be70bf2\" data-element_type=\"column\" data-e-type=\"column\" data-settings=\"{&quot;animation&quot;:&quot;fadeIn&quot;}\">\n\t\t\t<div class=\"elementor-widget-wrap elementor-element-populated\">\n\t\t\t\t\t\t<div class=\"elementor-element elementor-element-1319146 elementor-widget elementor-widget-heading\" data-id=\"1319146\" data-element_type=\"widget\" data-e-type=\"widget\" data-widget_type=\"heading.default\">\n\t\t\t\t<div class=\"elementor-widget-container\">\n\t\t\t\t\t<h2 class=\"elementor-heading-title elementor-size-default\">Our Accommodations<\/h2>\t\t\t\t<\/div>\n\t\t\t\t<\/div>\n\t\t\t\t\t<\/div>\n\t\t<\/div>\n\t\t\t\t\t<\/div>\n\t\t<\/section>\n\t\t\t\t<section class=\"elementor-section elementor-top-section elementor-element elementor-element-91e94f8 animated-slow elementor-section-boxed elementor-section-height-default elementor-section-height-default elementor-invisible\" data-id=\"91e94f8\" data-element_type=\"section\" data-e-type=\"section\" data-settings=\"{&quot;animation&quot;:&quot;fadeIn&quot;}\">\n\t\t\t\t\t\t<div class=\"elementor-container elementor-column-gap-default\">\n\t\t\t\t\t<div class=\"elementor-column elementor-col-100 elementor-top-column elementor-element elementor-element-6776052\" data-id=\"6776052\" data-element_type=\"column\" data-e-type=\"column\">\n\t\t\t<div class=\"elementor-widget-wrap elementor-element-populated\">\n\t\t\t\t\t\t<div class=\"elementor-element elementor-element-8a9908f elementor-view-default elementor-widget elementor-widget-icon\" data-id=\"8a9908f\" data-element_type=\"widget\" data-e-type=\"widget\" data-widget_type=\"icon.default\">\n\t\t\t\t<div class=\"elementor-widget-container\">\n\t\t\t\t\t\t\t<div class=\"elementor-icon-wrapper\">\n\t\t\t<div class=\"elementor-icon\">\n\t\t\t<i aria-hidden=\"true\" class=\"icon icon-chapeau\"><\/i>\t\t\t<\/div>\n\t\t<\/div>\n\t\t\t\t\t\t<\/div>\n\t\t\t\t<\/div>\n\t\t\t\t<div class=\"elementor-element elementor-element-55597d7 elementor-widget elementor-widget-heading\" data-id=\"55597d7\" data-element_type=\"widget\" data-e-type=\"widget\" data-widget_type=\"heading.default\">\n\t\t\t\t<div class=\"elementor-widget-container\">\n\t\t\t\t\t<h2 class=\"elementor-heading-title elementor-size-default\">Ch\u00e2teau de Th\u00e9s\u00e9e's accommodations<\/h2>\t\t\t\t<\/div>\n\t\t\t\t<\/div>\n\t\t\t\t<div class=\"elementor-element elementor-element-0d3755a elementor-widget elementor-widget-spacer\" data-id=\"0d3755a\" data-element_type=\"widget\" data-e-type=\"widget\" data-widget_type=\"spacer.default\">\n\t\t\t\t<div class=\"elementor-widget-container\">\n\t\t\t\t\t\t\t<div class=\"elementor-spacer\">\n\t\t\t<div class=\"elementor-spacer-inner\"><\/div>\n\t\t<\/div>\n\t\t\t\t\t\t<\/div>\n\t\t\t\t<\/div>\n\t\t\t\t<div class=\"elementor-element elementor-element-ba791fc elementor-widget elementor-widget-text-editor\" data-id=\"ba791fc\" data-element_type=\"widget\" data-e-type=\"widget\" data-widget_type=\"text-editor.default\">\n\t\t\t\t<div class=\"elementor-widget-container\">\n\t\t\t\t\t\t\t\t\t<p style=\"font-weight: 400;\">Fall under the spell of these character houses, which can accommodate 6 and 13 guests, and are the ideal base for exploring the region, the Beauval ZooParc (15 minutes away) and the Ch\u00e2teaux of Chenonceau, Cheverny and Chaumont (25 min), Chambord, Blois and Villandry (45 min).<\/p><p style=\"font-weight: 400;\">Nestling in a 16-hectare estate, between vineyards and forests, our character gites offer an idyllic setting for a getaway with family or friends. You&#8217;ll love the peaceful, unoverlooked setting, private garden and flower beds. Nature lovers can enjoy a variety of walks, cycle rides or horse rides through the vineyards and forest (equestrian centre 5 minutes away).<\/p>\t\t\t\t\t\t\t\t<\/div>\n\t\t\t\t<\/div>\n\t\t\t\t<div class=\"elementor-element elementor-element-cb7fdcf elementor-widget elementor-widget-spacer\" data-id=\"cb7fdcf\" data-element_type=\"widget\" data-e-type=\"widget\" data-widget_type=\"spacer.default\">\n\t\t\t\t<div class=\"elementor-widget-container\">\n\t\t\t\t\t\t\t<div class=\"elementor-spacer\">\n\t\t\t<div class=\"elementor-spacer-inner\"><\/div>\n\t\t<\/div>\n\t\t\t\t\t\t<\/div>\n\t\t\t\t<\/div>\n\t\t\t\t\t<\/div>\n\t\t<\/div>\n\t\t\t\t\t<\/div>\n\t\t<\/section>\n\t\t\t\t<section class=\"elementor-section elementor-top-section elementor-element elementor-element-339ee90 animated-slow elementor-section-boxed elementor-section-height-default elementor-section-height-default\" data-id=\"339ee90\" data-element_type=\"section\" data-e-type=\"section\" data-settings=\"{&quot;background_background&quot;:&quot;classic&quot;,&quot;animation&quot;:&quot;none&quot;,&quot;animation_delay&quot;:2000}\">\n\t\t\t\t\t\t<div class=\"elementor-container elementor-column-gap-default\">\n\t\t\t\t\t<div class=\"elementor-column elementor-col-100 elementor-top-column elementor-element elementor-element-30a2d2f\" data-id=\"30a2d2f\" data-element_type=\"column\" data-e-type=\"column\">\n\t\t\t<div class=\"elementor-widget-wrap elementor-element-populated\">\n\t\t\t\t\t\t<section class=\"elementor-section elementor-inner-section elementor-element elementor-element-25daae4 elementor-section-full_width elementor-reverse-mobile animated-slow elementor-reverse-tablet elementor-section-height-default elementor-section-height-default elementor-invisible\" data-id=\"25daae4\" data-element_type=\"section\" data-e-type=\"section\" data-settings=\"{&quot;background_background&quot;:&quot;classic&quot;,&quot;animation&quot;:&quot;fadeIn&quot;}\">\n\t\t\t\t\t\t\t<div class=\"elementor-background-overlay\"><\/div>\n\t\t\t\t\t\t\t<div class=\"elementor-container elementor-column-gap-default\">\n\t\t\t\t\t<div class=\"elementor-column elementor-col-50 elementor-inner-column elementor-element elementor-element-9e82931\" data-id=\"9e82931\" data-element_type=\"column\" data-e-type=\"column\">\n\t\t\t<div class=\"elementor-widget-wrap\">\n\t\t\t\t\t\t\t<\/div>\n\t\t<\/div>\n\t\t\t\t<div class=\"elementor-column elementor-col-50 elementor-inner-column elementor-element elementor-element-8409aaa\" data-id=\"8409aaa\" data-element_type=\"column\" data-e-type=\"column\" data-settings=\"{&quot;background_background&quot;:&quot;classic&quot;,&quot;motion_fx_motion_fx_scrolling&quot;:&quot;yes&quot;,&quot;motion_fx_translateY_effect&quot;:&quot;yes&quot;,&quot;motion_fx_translateY_speed&quot;:{&quot;unit&quot;:&quot;px&quot;,&quot;size&quot;:3,&quot;sizes&quot;:[]},&quot;motion_fx_devices&quot;:[&quot;widescreen&quot;,&quot;desktop&quot;,&quot;laptop&quot;,&quot;tablet_extra&quot;],&quot;motion_fx_translateY_affectedRange&quot;:{&quot;unit&quot;:&quot;%&quot;,&quot;size&quot;:&quot;&quot;,&quot;sizes&quot;:{&quot;start&quot;:0,&quot;end&quot;:100}}}\">\n\t\t\t<div class=\"elementor-widget-wrap elementor-element-populated\">\n\t\t\t\t\t\t<div class=\"elementor-element elementor-element-ba45a4e elementor-view-default elementor-widget elementor-widget-icon\" data-id=\"ba45a4e\" data-element_type=\"widget\" data-e-type=\"widget\" data-widget_type=\"icon.default\">\n\t\t\t\t<div class=\"elementor-widget-container\">\n\t\t\t\t\t\t\t<div class=\"elementor-icon-wrapper\">\n\t\t\t<div class=\"elementor-icon\">\n\t\t\t<i aria-hidden=\"true\" class=\"icon icon-tour\"><\/i>\t\t\t<\/div>\n\t\t<\/div>\n\t\t\t\t\t\t<\/div>\n\t\t\t\t<\/div>\n\t\t\t\t<div class=\"elementor-element elementor-element-b6088f1 elementor-widget elementor-widget-heading\" data-id=\"b6088f1\" data-element_type=\"widget\" data-e-type=\"widget\" data-widget_type=\"heading.default\">\n\t\t\t\t<div class=\"elementor-widget-container\">\n\t\t\t\t\t<h2 class=\"elementor-heading-title elementor-size-default\">La Closerie \u2013 Ch\u00e2teau de Th\u00e9s\u00e9e<\/h2>\t\t\t\t<\/div>\n\t\t\t\t<\/div>\n\t\t\t\t<div class=\"elementor-element elementor-element-0bc3c00 elementor-widget elementor-widget-text-editor\" data-id=\"0bc3c00\" data-element_type=\"widget\" data-e-type=\"widget\" data-widget_type=\"text-editor.default\">\n\t\t\t\t<div class=\"elementor-widget-container\">\n\t\t\t\t\t\t\t\t\t<p style=\"font-weight: 400;\">In the Middle Ages, a \u201cCloserie\u201d was a house located in a locality enclosed by walls or hedges. A direct witness to our estate&#8217;s agricultural and wine-growing past : fall under the spell of this charming Touraine house.<\/p><p style=\"font-weight: 400;\">Formerly part of the Ch\u00e2teau\u2019s farm, La Closerie has now been converted into a comfortable G\u00eete, where you can enjoy a peaceful Loire escapade for up to 13 guests&#8230;<\/p><p style=\"font-weight: 400;\">During your stay, immerse yourself in an enchanting setting, where the tranquillity and beauty of nature invite you to relax and discover. Make the most of its grounds and the hammocks at your disposal, while being just a stone&#8217;s throw from the most beautiful ch\u00e2teaux in the Loire Valley and Beauval Zoo.<\/p><p style=\"font-weight: 400;\">Come and recharge your batteries at La Closerie!<\/p>\t\t\t\t\t\t\t\t<\/div>\n\t\t\t\t<\/div>\n\t\t\t\t<div class=\"elementor-element elementor-element-a420d13 elementor-align-left anim-border elementor-widget elementor-widget-button\" data-id=\"a420d13\" data-element_type=\"widget\" data-e-type=\"widget\" data-widget_type=\"button.default\">\n\t\t\t\t<div class=\"elementor-widget-container\">\n\t\t\t\t\t\t\t\t\t<div class=\"elementor-button-wrapper\">\n\t\t\t\t\t<a class=\"elementor-button elementor-button-link elementor-size-sm\" href=\"https:\/\/www.airbnb.co.uk\/rooms\/1130909921801898768?adults=1&#038;children=0&#038;enable_m3_private_room=true&#038;infants=0&#038;pets=0&#038;check_in=2024-05-12&#038;check_out=2024-05-17&#038;source_impression_id=p3_1715072862_CfcPMB70T6SfN%2Fb1&#038;previous_page_section_name=1000&#038;federated_search_id=c9cd4696-d1b2-40f2-a304-6c9cb7a54a25&#038;_set_bev_on_new_domain=1715072850_NTk2N2Q1OGQzYTlk\">\n\t\t\t\t\t\t<span class=\"elementor-button-content-wrapper\">\n\t\t\t\t\t\t\t\t\t<span class=\"elementor-button-text\">Book the accommodation<\/span>\n\t\t\t\t\t<\/span>\n\t\t\t\t\t<\/a>\n\t\t\t\t<\/div>\n\t\t\t\t\t\t\t\t<\/div>\n\t\t\t\t<\/div>\n\t\t\t\t\t<\/div>\n\t\t<\/div>\n\t\t\t\t\t<\/div>\n\t\t<\/section>\n\t\t\t\t\t<\/div>\n\t\t<\/div>\n\t\t\t\t\t<\/div>\n\t\t<\/section>\n\t\t\t\t<section class=\"elementor-section elementor-top-section elementor-element elementor-element-2106607 animated-slow elementor-section-boxed elementor-section-height-default elementor-section-height-default\" data-id=\"2106607\" data-element_type=\"section\" data-e-type=\"section\" data-settings=\"{&quot;background_background&quot;:&quot;classic&quot;,&quot;animation&quot;:&quot;none&quot;,&quot;animation_delay&quot;:2000}\">\n\t\t\t\t\t\t<div class=\"elementor-container elementor-column-gap-default\">\n\t\t\t\t\t<div class=\"elementor-column elementor-col-100 elementor-top-column elementor-element elementor-element-acaee4a\" data-id=\"acaee4a\" data-element_type=\"column\" data-e-type=\"column\">\n\t\t\t<div class=\"elementor-widget-wrap elementor-element-populated\">\n\t\t\t\t\t\t<section class=\"elementor-section elementor-inner-section elementor-element elementor-element-7bc1ebe elementor-section-full_width elementor-reverse-mobile animated-slow elementor-section-height-default elementor-section-height-default elementor-invisible\" data-id=\"7bc1ebe\" data-element_type=\"section\" data-e-type=\"section\" data-settings=\"{&quot;background_background&quot;:&quot;classic&quot;,&quot;animation&quot;:&quot;fadeIn&quot;}\">\n\t\t\t\t\t\t\t<div class=\"elementor-background-overlay\"><\/div>\n\t\t\t\t\t\t\t<div class=\"elementor-container elementor-column-gap-default\">\n\t\t\t\t\t<div class=\"elementor-column elementor-col-50 elementor-inner-column elementor-element elementor-element-73398b3\" data-id=\"73398b3\" data-element_type=\"column\" data-e-type=\"column\" data-settings=\"{&quot;background_background&quot;:&quot;classic&quot;,&quot;motion_fx_motion_fx_scrolling&quot;:&quot;yes&quot;,&quot;motion_fx_translateY_effect&quot;:&quot;yes&quot;,&quot;motion_fx_translateY_speed&quot;:{&quot;unit&quot;:&quot;px&quot;,&quot;size&quot;:3,&quot;sizes&quot;:[]},&quot;motion_fx_devices&quot;:[&quot;widescreen&quot;,&quot;desktop&quot;,&quot;laptop&quot;,&quot;tablet_extra&quot;],&quot;motion_fx_translateY_affectedRange&quot;:{&quot;unit&quot;:&quot;%&quot;,&quot;size&quot;:&quot;&quot;,&quot;sizes&quot;:{&quot;start&quot;:0,&quot;end&quot;:100}}}\">\n\t\t\t<div class=\"elementor-widget-wrap elementor-element-populated\">\n\t\t\t\t\t\t<div class=\"elementor-element elementor-element-3331445 elementor-view-default elementor-widget elementor-widget-icon\" data-id=\"3331445\" data-element_type=\"widget\" data-e-type=\"widget\" data-widget_type=\"icon.default\">\n\t\t\t\t<div class=\"elementor-widget-container\">\n\t\t\t\t\t\t\t<div class=\"elementor-icon-wrapper\">\n\t\t\t<div class=\"elementor-icon\">\n\t\t\t<i aria-hidden=\"true\" class=\"icon icon-tour\"><\/i>\t\t\t<\/div>\n\t\t<\/div>\n\t\t\t\t\t\t<\/div>\n\t\t\t\t<\/div>\n\t\t\t\t<div class=\"elementor-element elementor-element-dc244b3 elementor-widget elementor-widget-heading\" data-id=\"dc244b3\" data-element_type=\"widget\" data-e-type=\"widget\" data-widget_type=\"heading.default\">\n\t\t\t\t<div class=\"elementor-widget-container\">\n\t\t\t\t\t<h2 class=\"elementor-heading-title elementor-size-default\">Chez Riton - Ch\u00e2teau de Th\u00e9s\u00e9e<\/h2>\t\t\t\t<\/div>\n\t\t\t\t<\/div>\n\t\t\t\t<div class=\"elementor-element elementor-element-43a0fd5 elementor-widget elementor-widget-text-editor\" data-id=\"43a0fd5\" data-element_type=\"widget\" data-e-type=\"widget\" data-widget_type=\"text-editor.default\">\n\t\t\t\t<div class=\"elementor-widget-container\">\n\t\t\t\t\t\t\t\t\t<p><span lang=\"EN-US\">Riton is the French nickname for Henri. Henri, was the Ch\u00e2teau&#8217;s caretaker for many years&#8230; Now converted into a comfortable G\u00eete, his house can accommodate up to 6 guests for a peaceful Loire getaway&#8230; Known to everyone in the village, Riton loved to ride his moped or walk in the nearby woods.<\/span><\/p><p><span lang=\"EN-US\">Whether you&#8217;re planning a getaway with family or friends, our character house offers all the comforts you need to make your stay unforgettable.<\/span><\/p><p><span lang=\"EN-US\">You&#8217;ll find a master bedroom with a queen-size bed, a bedroom with two single beds and a comfortable sofa bed in the living room.<\/span><\/p><p><span lang=\"EN-US\">See you soon at Ritons!<\/span><\/p>\t\t\t\t\t\t\t\t<\/div>\n\t\t\t\t<\/div>\n\t\t\t\t<div class=\"elementor-element elementor-element-746cbbf elementor-align-left anim-border elementor-widget elementor-widget-button\" data-id=\"746cbbf\" data-element_type=\"widget\" data-e-type=\"widget\" data-widget_type=\"button.default\">\n\t\t\t\t<div class=\"elementor-widget-container\">\n\t\t\t\t\t\t\t\t\t<div class=\"elementor-button-wrapper\">\n\t\t\t\t\t<a class=\"elementor-button elementor-button-link elementor-size-sm\" href=\"https:\/\/www.airbnb.co.uk\/rooms\/1130938818578097686?adults=1&#038;children=0&#038;enable_m3_private_room=true&#038;infants=0&#038;pets=0&#038;check_in=2024-05-10&#038;check_out=2024-05-15&#038;source_impression_id=p3_1715072862_zzOMN1TbW3Rdi6tD&#038;previous_page_section_name=1000&#038;federated_search_id=c9cd4696-d1b2-40f2-a304-6c9cb7a54a25&#038;_set_bev_on_new_domain=1715072850_NTk2N2Q1OGQzYTlk\">\n\t\t\t\t\t\t<span class=\"elementor-button-content-wrapper\">\n\t\t\t\t\t\t\t\t\t<span class=\"elementor-button-text\">Book the accommodation<\/span>\n\t\t\t\t\t<\/span>\n\t\t\t\t\t<\/a>\n\t\t\t\t<\/div>\n\t\t\t\t\t\t\t\t<\/div>\n\t\t\t\t<\/div>\n\t\t\t\t\t<\/div>\n\t\t<\/div>\n\t\t\t\t<div class=\"elementor-column elementor-col-50 elementor-inner-column elementor-element elementor-element-81ceeaa\" data-id=\"81ceeaa\" data-element_type=\"column\" data-e-type=\"column\">\n\t\t\t<div class=\"elementor-widget-wrap\">\n\t\t\t\t\t\t\t<\/div>\n\t\t<\/div>\n\t\t\t\t\t<\/div>\n\t\t<\/section>\n\t\t\t\t\t<\/div>\n\t\t<\/div>\n\t\t\t\t\t<\/div>\n\t\t<\/section>\n\t\t\t\t<\/div>\n\t\t","protected":false},"excerpt":{"rendered":"<p>Our Accommodations Ch\u00e2teau de Th\u00e9s\u00e9e&#8217;s accommodations Fall under the spell of these character houses, which can accommodate 6 and 13 guests, and are the ideal base for exploring the region, the Beauval ZooParc (15 minutes away) and the Ch\u00e2teaux of Chenonceau, Cheverny and Chaumont (25 min), Chambord, Blois and Villandry (45 min). Nestling in a [&hellip;]<\/p>\n","protected":false},"author":1,"featured_media":0,"parent":0,"menu_order":0,"comment_status":"closed","ping_status":"closed","template":"elementor_header_footer","meta":{"site-sidebar-layout":"default","site-content-layout":"","ast-site-content-layout":"default","site-content-style":"default","site-sidebar-style":"default","ast-global-header-display":"","ast-banner-title-visibility":"","ast-main-header-display":"","ast-hfb-above-header-display":"","ast-hfb-below-header-display":"","ast-hfb-mobile-header-display":"","site-post-title":"","ast-breadcrumbs-content":"","ast-featured-img":"","footer-sml-layout":"","ast-disable-related-posts":"","theme-transparent-header-meta":"","adv-header-id-meta":"","stick-header-meta":"","header-above-stick-meta":"","header-main-stick-meta":"","header-below-stick-meta":"","astra-migrate-meta-layouts":"set","ast-page-background-enabled":"default","ast-page-background-meta":{"desktop":{"background-color":"var(--ast-global-color-4)","background-image":"","background-repeat":"repeat","background-position":"center center","background-size":"auto","background-attachment":"scroll","background-type":"","background-media":"","overlay-type":"","overlay-color":"","overlay-gradient":""},"tablet":{"background-color":"","background-image":"","background-repeat":"repeat","background-position":"center center","background-size":"auto","background-attachment":"scroll","background-type":"","background-media":"","overlay-type":"","overlay-color":"","overlay-gradient":""},"mobile":{"background-color":"","background-image":"","background-repeat":"repeat","background-position":"center center","background-size":"auto","background-attachment":"scroll","background-type":"","background-media":"","overlay-type":"","overlay-color":"","overlay-gradient":""}},"ast-content-background-meta":{"desktop":{"background-color":"var(--ast-global-color-5)","background-image":"","background-repeat":"repeat","background-position":"center center","background-size":"auto","background-attachment":"scroll","background-type":"","background-media":"","overlay-type":"","overlay-color":"","overlay-gradient":""},"tablet":{"background-color":"var(--ast-global-color-5)","background-image":"","background-repeat":"repeat","background-position":"center center","background-size":"auto","background-attachment":"scroll","background-type":"","background-media":"","overlay-type":"","overlay-color":"","overlay-gradient":""},"mobile":{"background-color":"var(--ast-global-color-5)","background-image":"","background-repeat":"repeat","background-position":"center center","background-size":"auto","background-attachment":"scroll","background-type":"","background-media":"","overlay-type":"","overlay-color":"","overlay-gradient":""}},"footnotes":""},"class_list":["post-14825","page","type-page","status-publish","hentry"],"yoast_head":"<!-- This site is optimized with the Yoast SEO plugin v27.4 - https:\/\/yoast.com\/product\/yoast-seo-wordpress\/ -->\n<title>Our Accommodations - Ch\u00e2teau de Th\u00e9s\u00e9e<\/title>\n<meta name=\"description\" content=\"Fall under the spell of the Ch\u00e2teau de Th\u00e9s\u00e9e guesthouses and explore the region, the Beauval ZooParc, and the famous Loire Valley ch\u00e2teaux.\" \/>\n<meta name=\"robots\" content=\"index, follow, max-snippet:-1, max-image-preview:large, max-video-preview:-1\" \/>\n<link rel=\"canonical\" href=\"https:\/\/chateaudethesee.com\/en\/our-gites\/\" \/>\n<meta property=\"og:locale\" content=\"en_US\" \/>\n<meta property=\"og:type\" content=\"article\" \/>\n<meta property=\"og:title\" content=\"Our Accommodations - Ch\u00e2teau de Th\u00e9s\u00e9e\" \/>\n<meta property=\"og:description\" content=\"Fall under the spell of the Ch\u00e2teau de Th\u00e9s\u00e9e guesthouses and explore the region, the Beauval ZooParc, and the famous Loire Valley ch\u00e2teaux.\" \/>\n<meta property=\"og:url\" content=\"https:\/\/chateaudethesee.com\/en\/our-gites\/\" \/>\n<meta property=\"og:site_name\" content=\"Ch\u00e2teau de Th\u00e9s\u00e9e\" \/>\n<meta property=\"article:modified_time\" content=\"2025-03-27T14:17:53+00:00\" \/>\n<meta name=\"twitter:card\" content=\"summary_large_image\" \/>\n<meta name=\"twitter:label1\" content=\"Est. reading time\" \/>\n\t<meta name=\"twitter:data1\" content=\"2 minutes\" \/>\n<script type=\"application\/ld+json\" class=\"yoast-schema-graph\">{\"@context\":\"https:\\\/\\\/schema.org\",\"@graph\":[{\"@type\":\"WebPage\",\"@id\":\"https:\\\/\\\/chateaudethesee.com\\\/en\\\/our-gites\\\/\",\"url\":\"https:\\\/\\\/chateaudethesee.com\\\/en\\\/our-gites\\\/\",\"name\":\"Our Accommodations - Ch\u00e2teau de Th\u00e9s\u00e9e\",\"isPartOf\":{\"@id\":\"https:\\\/\\\/chateaudethesee.com\\\/en\\\/#website\"},\"datePublished\":\"2024-05-07T08:22:04+00:00\",\"dateModified\":\"2025-03-27T14:17:53+00:00\",\"description\":\"Fall under the spell of the Ch\u00e2teau de Th\u00e9s\u00e9e guesthouses and explore the region, the Beauval ZooParc, and the famous Loire Valley ch\u00e2teaux.\",\"breadcrumb\":{\"@id\":\"https:\\\/\\\/chateaudethesee.com\\\/en\\\/our-gites\\\/#breadcrumb\"},\"inLanguage\":\"en-US\",\"potentialAction\":[{\"@type\":\"ReadAction\",\"target\":[\"https:\\\/\\\/chateaudethesee.com\\\/en\\\/our-gites\\\/\"]}]},{\"@type\":\"BreadcrumbList\",\"@id\":\"https:\\\/\\\/chateaudethesee.com\\\/en\\\/our-gites\\\/#breadcrumb\",\"itemListElement\":[{\"@type\":\"ListItem\",\"position\":1,\"name\":\"Accueil\",\"item\":\"https:\\\/\\\/chateaudethesee.com\\\/en\\\/\"},{\"@type\":\"ListItem\",\"position\":2,\"name\":\"Our Gites\"}]},{\"@type\":\"WebSite\",\"@id\":\"https:\\\/\\\/chateaudethesee.com\\\/en\\\/#website\",\"url\":\"https:\\\/\\\/chateaudethesee.com\\\/en\\\/\",\"name\":\"Ch\u00e2teau de Th\u00e9s\u00e9e\",\"description\":\"\",\"potentialAction\":[{\"@type\":\"SearchAction\",\"target\":{\"@type\":\"EntryPoint\",\"urlTemplate\":\"https:\\\/\\\/chateaudethesee.com\\\/en\\\/?s={search_term_string}\"},\"query-input\":{\"@type\":\"PropertyValueSpecification\",\"valueRequired\":true,\"valueName\":\"search_term_string\"}}],\"inLanguage\":\"en-US\"}]}<\/script>\n<!-- \/ Yoast SEO plugin. -->","yoast_head_json":{"title":"Our Accommodations - Ch\u00e2teau de Th\u00e9s\u00e9e","description":"Fall under the spell of the Ch\u00e2teau de Th\u00e9s\u00e9e guesthouses and explore the region, the Beauval ZooParc, and the famous Loire Valley ch\u00e2teaux.","robots":{"index":"index","follow":"follow","max-snippet":"max-snippet:-1","max-image-preview":"max-image-preview:large","max-video-preview":"max-video-preview:-1"},"canonical":"https:\/\/chateaudethesee.com\/en\/our-gites\/","og_locale":"en_US","og_type":"article","og_title":"Our Accommodations - Ch\u00e2teau de Th\u00e9s\u00e9e","og_description":"Fall under the spell of the Ch\u00e2teau de Th\u00e9s\u00e9e guesthouses and explore the region, the Beauval ZooParc, and the famous Loire Valley ch\u00e2teaux.","og_url":"https:\/\/chateaudethesee.com\/en\/our-gites\/","og_site_name":"Ch\u00e2teau de Th\u00e9s\u00e9e","article_modified_time":"2025-03-27T14:17:53+00:00","twitter_card":"summary_large_image","twitter_misc":{"Est. reading time":"2 minutes"},"schema":{"@context":"https:\/\/schema.org","@graph":[{"@type":"WebPage","@id":"https:\/\/chateaudethesee.com\/en\/our-gites\/","url":"https:\/\/chateaudethesee.com\/en\/our-gites\/","name":"Our Accommodations - Ch\u00e2teau de Th\u00e9s\u00e9e","isPartOf":{"@id":"https:\/\/chateaudethesee.com\/en\/#website"},"datePublished":"2024-05-07T08:22:04+00:00","dateModified":"2025-03-27T14:17:53+00:00","description":"Fall under the spell of the Ch\u00e2teau de Th\u00e9s\u00e9e guesthouses and explore the region, the Beauval ZooParc, and the famous Loire Valley ch\u00e2teaux.","breadcrumb":{"@id":"https:\/\/chateaudethesee.com\/en\/our-gites\/#breadcrumb"},"inLanguage":"en-US","potentialAction":[{"@type":"ReadAction","target":["https:\/\/chateaudethesee.com\/en\/our-gites\/"]}]},{"@type":"BreadcrumbList","@id":"https:\/\/chateaudethesee.com\/en\/our-gites\/#breadcrumb","itemListElement":[{"@type":"ListItem","position":1,"name":"Accueil","item":"https:\/\/chateaudethesee.com\/en\/"},{"@type":"ListItem","position":2,"name":"Our Gites"}]},{"@type":"WebSite","@id":"https:\/\/chateaudethesee.com\/en\/#website","url":"https:\/\/chateaudethesee.com\/en\/","name":"Ch\u00e2teau de Th\u00e9s\u00e9e","description":"","potentialAction":[{"@type":"SearchAction","target":{"@type":"EntryPoint","urlTemplate":"https:\/\/chateaudethesee.com\/en\/?s={search_term_string}"},"query-input":{"@type":"PropertyValueSpecification","valueRequired":true,"valueName":"search_term_string"}}],"inLanguage":"en-US"}]}},"jetpack_sharing_enabled":true,"_links":{"self":[{"href":"https:\/\/chateaudethesee.com\/en\/wp-json\/wp\/v2\/pages\/14825","targetHints":{"allow":["GET"]}}],"collection":[{"href":"https:\/\/chateaudethesee.com\/en\/wp-json\/wp\/v2\/pages"}],"about":[{"href":"https:\/\/chateaudethesee.com\/en\/wp-json\/wp\/v2\/types\/page"}],"author":[{"embeddable":true,"href":"https:\/\/chateaudethesee.com\/en\/wp-json\/wp\/v2\/users\/1"}],"replies":[{"embeddable":true,"href":"https:\/\/chateaudethesee.com\/en\/wp-json\/wp\/v2\/comments?post=14825"}],"version-history":[{"count":25,"href":"https:\/\/chateaudethesee.com\/en\/wp-json\/wp\/v2\/pages\/14825\/revisions"}],"predecessor-version":[{"id":14895,"href":"https:\/\/chateaudethesee.com\/en\/wp-json\/wp\/v2\/pages\/14825\/revisions\/14895"}],"wp:attachment":[{"href":"https:\/\/chateaudethesee.com\/en\/wp-json\/wp\/v2\/media?parent=14825"}],"curies":[{"name":"wp","href":"https:\/\/api.w.org\/{rel}","templated":true}]}}